{"id":116,"date":"2021-07-09T07:53:32","date_gmt":"2021-07-09T05:53:32","guid":{"rendered":"http:\/\/stardust-alpaca-farm.com\/beta\/?page_id=116"},"modified":"2025-01-13T20:17:16","modified_gmt":"2025-01-13T19:17:16","slug":"events","status":"publish","type":"page","link":"http:\/\/stardust-alpaca-farm.com\/beta\/events\/","title":{"rendered":"Events"},"content":{"rendered":"\n<hr class=\"wp-block-separator has-alpha-channel-opacity\"\/>\n\n\n\n<h2 class=\"wp-block-heading\">Alpaka Wanderungen<\/h2>\n\n\n\n<figure class=\"wp-block-image size-large is-resized\" id=\"Alpakawanderung\"><img decoding=\"async\" loading=\"lazy\" src=\"http:\/\/stardust-alpaca-farm.com\/beta\/wp-content\/uploads\/2023\/03\/Alpaka_Wanderung-724x1024.jpg\" alt=\"\" class=\"wp-image-189\" width=\"453\" height=\"640\" srcset=\"http:\/\/stardust-alpaca-farm.com\/beta\/wp-content\/uploads\/2023\/03\/Alpaka_Wanderung-724x1024.jpg 724w, http:\/\/stardust-alpaca-farm.com\/beta\/wp-content\/uploads\/2023\/03\/Alpaka_Wanderung-212x300.jpg 212w, http:\/\/stardust-alpaca-farm.com\/beta\/wp-content\/uploads\/2023\/03\/Alpaka_Wanderung-768x1086.jpg 768w, http:\/\/stardust-alpaca-farm.com\/beta\/wp-content\/uploads\/2023\/03\/Alpaka_Wanderung-1086x1536.jpg 1086w, http:\/\/stardust-alpaca-farm.com\/beta\/wp-content\/uploads\/2023\/03\/Alpaka_Wanderung.jpg 1414w\" sizes=\"(max-width: 453px) 100vw, 453px\" \/><\/figure>\n\n\n\n<p><\/p>\n\n\n\n<h2 class=\"wp-block-heading\">Kindergeburtstage<\/h2>\n\n\n\n<p><mark style=\"background-color:rgba(0, 0, 0, 0)\" class=\"has-inline-color has-black-color\"><strong>Paket <\/strong><\/mark><\/p>\n\n\n\n<p><mark style=\"background-color:rgba(0, 0, 0, 0)\" class=\"has-inline-color has-black-color\">bis 8 Kinder und 2 Begleitpersonen &#8211; <strong>1<\/strong>60 \u20ac   Jede weitere Person <strong>1<\/strong>5 \u20ac<br>Farmf\u00fchrung mit F\u00fcttern der Alpakas und Schweinchen<br>Basteln mit Naturmaterialien<br>Spielen auf unserem gro\u00dfz\u00fcgigem Gel\u00e4nde, Fu\u00dfball, Dosenwerfen, etc.<br>Grillen an unserer Grillstelle oder je nach Witterung am gro\u00dfen Gasgrill \u20ac30<\/mark>.-<\/p>\n\n\n\n<p><mark style=\"background-color:rgba(0, 0, 0, 0)\" class=\"has-inline-color has-black-color\">Kuchen, Grillgut m\u00fcssen von Eltern oder Begleitpersonen mitgebracht werden.<br>Bastelmaterialien stehen auf der Farm zur Verf\u00fcgung.<br>Getr\u00e4nke k\u00f6nnen auch bei uns erworben werden.<br><strong>Entstandener M\u00fcll, Geschenkpapier etc. m\u00fcssen von Eltern und\/oder Begleitpersonen mitgenommen werden<\/strong><\/mark><\/p>\n","protected":false},"excerpt":{"rendered":"<p>Alpaka Wanderungen Kindergeburtstage Paket bis 8 Kinder und 2 Begleitpersonen &#8211; 160 \u20ac Jede weitere Person 15 \u20acFarmf\u00fchrung mit F\u00fcttern der Alpakas und SchweinchenBasteln mit&hellip;<\/p>\n","protected":false},"author":1,"featured_media":0,"parent":0,"menu_order":0,"comment_status":"closed","ping_status":"closed","template":"","meta":[],"_links":{"self":[{"href":"http:\/\/stardust-alpaca-farm.com\/beta\/wp-json\/wp\/v2\/pages\/116"}],"collection":[{"href":"http:\/\/stardust-alpaca-farm.com\/beta\/wp-json\/wp\/v2\/pages"}],"about":[{"href":"http:\/\/stardust-alpaca-farm.com\/beta\/wp-json\/wp\/v2\/types\/page"}],"author":[{"embeddable":true,"href":"http:\/\/stardust-alpaca-farm.com\/beta\/wp-json\/wp\/v2\/users\/1"}],"replies":[{"embeddable":true,"href":"http:\/\/stardust-alpaca-farm.com\/beta\/wp-json\/wp\/v2\/comments?post=116"}],"version-history":[{"count":15,"href":"http:\/\/stardust-alpaca-farm.com\/beta\/wp-json\/wp\/v2\/pages\/116\/revisions"}],"predecessor-version":[{"id":208,"href":"http:\/\/stardust-alpaca-farm.com\/beta\/wp-json\/wp\/v2\/pages\/116\/revisions\/208"}],"wp:attachment":[{"href":"http:\/\/stardust-alpaca-farm.com\/beta\/wp-json\/wp\/v2\/media?parent=116"}],"curies":[{"name":"wp","href":"https:\/\/api.w.org\/{rel}","templated":true}]}}