{"id":20,"date":"2021-06-11T15:24:22","date_gmt":"2021-06-11T13:24:22","guid":{"rendered":"http:\/\/stardust-alpaca-farm.com\/beta\/?page_id=20"},"modified":"2022-06-13T13:00:02","modified_gmt":"2022-06-13T11:00:02","slug":"kontakt","status":"publish","type":"page","link":"http:\/\/stardust-alpaca-farm.com\/beta\/kontakt\/","title":{"rendered":"Kontakt"},"content":{"rendered":"\n<p class=\"has-larger-font-size\"><mark style=\"background-color:rgba(0, 0, 0, 0);color:#e70d11\" class=\"has-inline-color\">Anfragen und Buchungen bitte nur \u00fcber<br>Mobil 0049 (0)175 &#8211; 241 22 55<\/mark><\/p>\n\n\n\n<p><br><mark style=\"background-color:rgba(0, 0, 0, 0)\" class=\"has-inline-color has-black-color\">Falls sie sonstige Fragen haben k\u00f6nnen sie uns auch erreichen \u00fcber:<\/mark> <\/p>\n\n\n\n<p><mark style=\"background-color:rgba(0, 0, 0, 0)\" class=\"has-inline-color has-black-color\"> info@stardust-alpaca-farm.com  (<strong>Bitte keine Buchungsanfragen \u00fcber die Email Adresse)<\/strong><br><br>Wir freuen uns auf Ihren Besuch<\/mark><br><\/p>\n\n\n\n<p><br><span class=\"has-inline-color has-black-color\">Stardust-Alpaca Farm<br>Ingrid Kleemann<br>Eschenbacher Strasse<br>Zwischen G\u00f6ppingen-Ursenwang und Eschenbach<br>Gegen\u00fcber Industriegebiet Voralb<br>Ingrid Kleemann &amp; Bannholz Team<\/span><\/p>\n","protected":false},"excerpt":{"rendered":"<p>Anfragen und Buchungen bitte nur \u00fcberMobil 0049 (0)175 &#8211; 241 22 55 Falls sie sonstige Fragen haben k\u00f6nnen sie uns auch erreichen \u00fcber: info@stardust-alpaca-farm.com (Bitte&hellip;<\/p>\n","protected":false},"author":1,"featured_media":0,"parent":0,"menu_order":0,"comment_status":"closed","ping_status":"closed","template":"","meta":[],"_links":{"self":[{"href":"http:\/\/stardust-alpaca-farm.com\/beta\/wp-json\/wp\/v2\/pages\/20"}],"collection":[{"href":"http:\/\/stardust-alpaca-farm.com\/beta\/wp-json\/wp\/v2\/pages"}],"about":[{"href":"http:\/\/stardust-alpaca-farm.com\/beta\/wp-json\/wp\/v2\/types\/page"}],"author":[{"embeddable":true,"href":"http:\/\/stardust-alpaca-farm.com\/beta\/wp-json\/wp\/v2\/users\/1"}],"replies":[{"embeddable":true,"href":"http:\/\/stardust-alpaca-farm.com\/beta\/wp-json\/wp\/v2\/comments?post=20"}],"version-history":[{"count":6,"href":"http:\/\/stardust-alpaca-farm.com\/beta\/wp-json\/wp\/v2\/pages\/20\/revisions"}],"predecessor-version":[{"id":187,"href":"http:\/\/stardust-alpaca-farm.com\/beta\/wp-json\/wp\/v2\/pages\/20\/revisions\/187"}],"wp:attachment":[{"href":"http:\/\/stardust-alpaca-farm.com\/beta\/wp-json\/wp\/v2\/media?parent=20"}],"curies":[{"name":"wp","href":"https:\/\/api.w.org\/{rel}","templated":true}]}}